{"id":9909,"date":"2022-08-18T15:36:04","date_gmt":"2022-08-18T15:36:04","guid":{"rendered":"https:\/\/deccore.com.br\/loja\/?post_type=product&#038;p=9909"},"modified":"2024-11-13T20:47:52","modified_gmt":"2024-11-13T20:47:52","slug":"rack-firenze-encomenda-b-cont","status":"publish","type":"product","link":"https:\/\/deccore.com.br\/loja\/product\/rack-firenze-encomenda-b-cont\/","title":{"rendered":"RACK FIRENZE &#8211; ENCOMENDA &#8211; B.CONT."},"content":{"rendered":"","protected":false},"excerpt":{"rendered":"<table dir=\"ltr\" border=\"1\" cellspacing=\"0\" cellpadding=\"0\">\n<colgroup>\n<col width=\"182\" \/><\/colgroup>\n<tbody>\n<tr>\n<td data-sheets-value=\"{&quot;1&quot;:2,&quot;2&quot;:&quot;2,00 x 0,45 x 0,55&quot;}\">OP\u00c7\u00d5ES DE MEDIDAS:<\/p>\n<p>2,00 x 0,45 x 0,55<\/td>\n<\/tr>\n<tr>\n<td data-sheets-value=\"{&quot;1&quot;:2,&quot;2&quot;:&quot;2,20 x 0,45 x 0,55&quot;}\">2,20 x 0,45 x 0,55<\/td>\n<\/tr>\n<tr>\n<td data-sheets-value=\"{&quot;1&quot;:2,&quot;2&quot;:&quot;2,50 x 0,45 x 0,55&quot;}\">2,50 x 0,45 x 0,55<\/td>\n<\/tr>\n<tr>\n<td data-sheets-value=\"{&quot;1&quot;:2,&quot;2&quot;:&quot;3,00 x 0,45 x 0,55&quot;}\">3,00 x 0,45 x 0,55<\/td>\n<\/tr>\n<\/tbody>\n<\/table>\n<p>V\u00c1RIAS OP\u00c7\u00d5ES DE ACABAMENTOS.<\/p>\n","protected":false},"featured_media":9910,"template":"","meta":[],"product_brand":[],"product_cat":[88],"product_tag":[],"class_list":{"0":"post-9909","1":"product","2":"type-product","3":"status-publish","4":"has-post-thumbnail","6":"product_cat-rack","8":"first","9":"onbackorder","10":"shipping-taxable","11":"product-type-simple"},"_links":{"self":[{"href":"https:\/\/deccore.com.br\/loja\/wp-json\/wp\/v2\/product\/9909","targetHints":{"allow":["GET"]}}],"collection":[{"href":"https:\/\/deccore.com.br\/loja\/wp-json\/wp\/v2\/product"}],"about":[{"href":"https:\/\/deccore.com.br\/loja\/wp-json\/wp\/v2\/types\/product"}],"version-history":[{"count":1,"href":"https:\/\/deccore.com.br\/loja\/wp-json\/wp\/v2\/product\/9909\/revisions"}],"predecessor-version":[{"id":9911,"href":"https:\/\/deccore.com.br\/loja\/wp-json\/wp\/v2\/product\/9909\/revisions\/9911"}],"wp:featuredmedia":[{"embeddable":true,"href":"https:\/\/deccore.com.br\/loja\/wp-json\/wp\/v2\/media\/9910"}],"wp:attachment":[{"href":"https:\/\/deccore.com.br\/loja\/wp-json\/wp\/v2\/media?parent=9909"}],"wp:term":[{"taxonomy":"product_brand","embeddable":true,"href":"https:\/\/deccore.com.br\/loja\/wp-json\/wp\/v2\/product_brand?post=9909"},{"taxonomy":"product_cat","embeddable":true,"href":"https:\/\/deccore.com.br\/loja\/wp-json\/wp\/v2\/product_cat?post=9909"},{"taxonomy":"product_tag","embeddable":true,"href":"https:\/\/deccore.com.br\/loja\/wp-json\/wp\/v2\/product_tag?post=9909"}],"curies":[{"name":"wp","href":"https:\/\/api.w.org\/{rel}","templated":true}]}}